{"id":162,"date":"2022-01-22T16:17:22","date_gmt":"2022-01-22T16:17:22","guid":{"rendered":"https:\/\/vosshenrich.eu\/?page_id=162"},"modified":"2022-01-22T16:47:01","modified_gmt":"2022-01-22T16:47:01","slug":"dublin","status":"publish","type":"page","link":"https:\/\/vosshenrich.eu\/de\/dublin\/","title":{"rendered":"Dublin"},"content":{"rendered":"<p>Dies ist mein erster Blog-Post auf meiner Website. Ich lebe seit dem 07. Januar in Dublin und habe mich mittlerweile gut eingelebt. Meine Wohnung ist in einem Studentenwohnheim und durchaus zentrumsnah. Die ersten Tage waren anstrengend, da ich keinerlei Ausstattung in meinem Zimmer hatte. Dementsprechend bestanden meine ersten Tage darin bei Ikea eine Grundausstattung zu kaufen, die Umgebung ein bisschen zu erkunden, meine Stundentennahverkehrskarte abzuholen und meinen K\u00fchlschrank zu f\u00fcllen.<\/p>\n\n\n\n<figure class=\"wp-block-gallery columns-3 is-cropped wp-block-gallery-1 is-layout-flex wp-block-gallery-is-layout-flex\"><ul class=\"blocks-gallery-grid\"><li class=\"blocks-gallery-item\"><figure><img loading=\"lazy\" decoding=\"async\" width=\"768\" height=\"1024\" src=\"https:\/\/vosshenrich.eu\/wp-content\/uploads\/2022\/01\/IMG_20220107_110436-1-768x1024.jpg\" alt=\"\" data-id=\"127\" data-full-url=\"https:\/\/vosshenrich.eu\/wp-content\/uploads\/2022\/01\/IMG_20220107_110436-1-scaled.jpg\" data-link=\"https:\/\/vosshenrich.eu\/%language%\/hello-world\/img_20220107_110436-1\/\" class=\"wp-image-127\" srcset=\"https:\/\/vosshenrich.eu\/wp-content\/uploads\/2022\/01\/IMG_20220107_110436-1-768x1024.jpg 768w, https:\/\/vosshenrich.eu\/wp-content\/uploads\/2022\/01\/IMG_20220107_110436-1-225x300.jpg 225w, https:\/\/vosshenrich.eu\/wp-content\/uploads\/2022\/01\/IMG_20220107_110436-1-1152x1536.jpg 1152w, https:\/\/vosshenrich.eu\/wp-content\/uploads\/2022\/01\/IMG_20220107_110436-1-1536x2048.jpg 1536w, https:\/\/vosshenrich.eu\/wp-content\/uploads\/2022\/01\/IMG_20220107_110436-1-9x12.jpg 9w, https:\/\/vosshenrich.eu\/wp-content\/uploads\/2022\/01\/IMG_20220107_110436-1-scaled.jpg 1920w\" sizes=\"auto, (max-width: 768px) 100vw, 768px\" \/><\/figure><\/li><li class=\"blocks-gallery-item\"><figure><img loading=\"lazy\" decoding=\"async\" width=\"1024\" height=\"768\" src=\"https:\/\/vosshenrich.eu\/wp-content\/uploads\/2022\/01\/IMG_20220114_134715-1024x768.jpg\" alt=\"\" data-id=\"130\" data-full-url=\"https:\/\/vosshenrich.eu\/wp-content\/uploads\/2022\/01\/IMG_20220114_134715-scaled.jpg\" data-link=\"https:\/\/vosshenrich.eu\/%language%\/hello-world\/img_20220114_134715\/\" class=\"wp-image-130\" srcset=\"https:\/\/vosshenrich.eu\/wp-content\/uploads\/2022\/01\/IMG_20220114_134715-1024x768.jpg 1024w, https:\/\/vosshenrich.eu\/wp-content\/uploads\/2022\/01\/IMG_20220114_134715-300x225.jpg 300w, https:\/\/vosshenrich.eu\/wp-content\/uploads\/2022\/01\/IMG_20220114_134715-768x576.jpg 768w, https:\/\/vosshenrich.eu\/wp-content\/uploads\/2022\/01\/IMG_20220114_134715-1536x1152.jpg 1536w, https:\/\/vosshenrich.eu\/wp-content\/uploads\/2022\/01\/IMG_20220114_134715-2048x1536.jpg 2048w, https:\/\/vosshenrich.eu\/wp-content\/uploads\/2022\/01\/IMG_20220114_134715-16x12.jpg 16w\" sizes=\"auto, (max-width: 1024px) 100vw, 1024px\" \/><\/figure><\/li><li class=\"blocks-gallery-item\"><figure><img loading=\"lazy\" decoding=\"async\" width=\"1024\" height=\"768\" src=\"https:\/\/vosshenrich.eu\/wp-content\/uploads\/2022\/01\/IMG_20220114_135143-1024x768.jpg\" alt=\"\" data-id=\"132\" data-full-url=\"https:\/\/vosshenrich.eu\/wp-content\/uploads\/2022\/01\/IMG_20220114_135143-scaled.jpg\" data-link=\"https:\/\/vosshenrich.eu\/%language%\/hello-world\/img_20220114_135143\/\" class=\"wp-image-132\" srcset=\"https:\/\/vosshenrich.eu\/wp-content\/uploads\/2022\/01\/IMG_20220114_135143-1024x768.jpg 1024w, https:\/\/vosshenrich.eu\/wp-content\/uploads\/2022\/01\/IMG_20220114_135143-300x225.jpg 300w, https:\/\/vosshenrich.eu\/wp-content\/uploads\/2022\/01\/IMG_20220114_135143-768x576.jpg 768w, https:\/\/vosshenrich.eu\/wp-content\/uploads\/2022\/01\/IMG_20220114_135143-1536x1152.jpg 1536w, https:\/\/vosshenrich.eu\/wp-content\/uploads\/2022\/01\/IMG_20220114_135143-2048x1536.jpg 2048w, https:\/\/vosshenrich.eu\/wp-content\/uploads\/2022\/01\/IMG_20220114_135143-16x12.jpg 16w\" sizes=\"auto, (max-width: 1024px) 100vw, 1024px\" \/><\/figure><\/li><li class=\"blocks-gallery-item\"><figure><img loading=\"lazy\" decoding=\"async\" width=\"1024\" height=\"768\" src=\"https:\/\/vosshenrich.eu\/wp-content\/uploads\/2022\/01\/IMG_20220114_150046-1024x768.jpg\" alt=\"\" data-id=\"133\" data-full-url=\"https:\/\/vosshenrich.eu\/wp-content\/uploads\/2022\/01\/IMG_20220114_150046-scaled.jpg\" data-link=\"https:\/\/vosshenrich.eu\/%language%\/hello-world\/img_20220114_150046\/\" class=\"wp-image-133\" srcset=\"https:\/\/vosshenrich.eu\/wp-content\/uploads\/2022\/01\/IMG_20220114_150046-1024x768.jpg 1024w, https:\/\/vosshenrich.eu\/wp-content\/uploads\/2022\/01\/IMG_20220114_150046-300x225.jpg 300w, https:\/\/vosshenrich.eu\/wp-content\/uploads\/2022\/01\/IMG_20220114_150046-768x576.jpg 768w, https:\/\/vosshenrich.eu\/wp-content\/uploads\/2022\/01\/IMG_20220114_150046-1536x1152.jpg 1536w, https:\/\/vosshenrich.eu\/wp-content\/uploads\/2022\/01\/IMG_20220114_150046-2048x1536.jpg 2048w, https:\/\/vosshenrich.eu\/wp-content\/uploads\/2022\/01\/IMG_20220114_150046-16x12.jpg 16w\" sizes=\"auto, (max-width: 1024px) 100vw, 1024px\" \/><\/figure><\/li><li class=\"blocks-gallery-item\"><figure><img loading=\"lazy\" decoding=\"async\" width=\"1024\" height=\"768\" src=\"https:\/\/vosshenrich.eu\/wp-content\/uploads\/2022\/01\/IMG_20220114_150539-1024x768.jpg\" alt=\"\" data-id=\"134\" data-full-url=\"https:\/\/vosshenrich.eu\/wp-content\/uploads\/2022\/01\/IMG_20220114_150539-scaled.jpg\" data-link=\"https:\/\/vosshenrich.eu\/%language%\/hello-world\/img_20220114_150539\/\" class=\"wp-image-134\" srcset=\"https:\/\/vosshenrich.eu\/wp-content\/uploads\/2022\/01\/IMG_20220114_150539-1024x768.jpg 1024w, https:\/\/vosshenrich.eu\/wp-content\/uploads\/2022\/01\/IMG_20220114_150539-300x225.jpg 300w, https:\/\/vosshenrich.eu\/wp-content\/uploads\/2022\/01\/IMG_20220114_150539-768x576.jpg 768w, https:\/\/vosshenrich.eu\/wp-content\/uploads\/2022\/01\/IMG_20220114_150539-1536x1152.jpg 1536w, https:\/\/vosshenrich.eu\/wp-content\/uploads\/2022\/01\/IMG_20220114_150539-2048x1536.jpg 2048w, https:\/\/vosshenrich.eu\/wp-content\/uploads\/2022\/01\/IMG_20220114_150539-16x12.jpg 16w\" sizes=\"auto, (max-width: 1024px) 100vw, 1024px\" \/><\/figure><\/li><\/ul><\/figure>\n\n\n\n<p>Mit der Zeit sind vermehrt weitere Studenten eingezogen, sodass mittlerweile einiges in unserem Wohnheim los ist. Mein Apartment besteht aus einem Elektrotechnikstudenten aus Lyon, einem Businessstudenten aus Chennai und einem zwei weiteren Businessstudenten aus New York.<\/p>\n\n\n\n<p>Das Wetter in Dublin ist bisher \u00fcberraschend gut, seit ich hier eingezogen bin, gab es noch keinen einzigen Tag an dem es stark geregnet hat und eigentlich ist es jeden Tag sonnig mit Temperaturen zwischen 5\u00b0C und 10\u00b0C. Aus diesem Grund verbringe ich auch viel Zeit drau\u00dfen. Lange Spazierg\u00e4nge haben mir anfangs einen guten \u00dcberblick meiner Umgebung gegeben, sodass ich nun ohne Karte joggen gehen kann.<\/p>\n\n\n\n<figure class=\"wp-block-gallery columns-3 is-cropped wp-block-gallery-2 is-layout-flex wp-block-gallery-is-layout-flex\"><ul class=\"blocks-gallery-grid\"><li class=\"blocks-gallery-item\"><figure><img loading=\"lazy\" decoding=\"async\" width=\"1024\" height=\"768\" src=\"https:\/\/vosshenrich.eu\/wp-content\/uploads\/2022\/01\/IMG_20220110_114423-1024x768.jpg\" alt=\"\" data-id=\"113\" data-full-url=\"https:\/\/vosshenrich.eu\/wp-content\/uploads\/2022\/01\/IMG_20220110_114423-scaled.jpg\" data-link=\"https:\/\/vosshenrich.eu\/%language%\/hello-world\/img_20220110_114423\/\" class=\"wp-image-113\" srcset=\"https:\/\/vosshenrich.eu\/wp-content\/uploads\/2022\/01\/IMG_20220110_114423-1024x768.jpg 1024w, https:\/\/vosshenrich.eu\/wp-content\/uploads\/2022\/01\/IMG_20220110_114423-300x225.jpg 300w, https:\/\/vosshenrich.eu\/wp-content\/uploads\/2022\/01\/IMG_20220110_114423-768x576.jpg 768w, https:\/\/vosshenrich.eu\/wp-content\/uploads\/2022\/01\/IMG_20220110_114423-1536x1152.jpg 1536w, https:\/\/vosshenrich.eu\/wp-content\/uploads\/2022\/01\/IMG_20220110_114423-2048x1536.jpg 2048w, https:\/\/vosshenrich.eu\/wp-content\/uploads\/2022\/01\/IMG_20220110_114423-16x12.jpg 16w\" sizes=\"auto, (max-width: 1024px) 100vw, 1024px\" \/><\/figure><\/li><li class=\"blocks-gallery-item\"><figure><img loading=\"lazy\" decoding=\"async\" width=\"1024\" height=\"768\" src=\"https:\/\/vosshenrich.eu\/wp-content\/uploads\/2022\/01\/IMG_20220110_124507-1024x768.jpg\" alt=\"\" data-id=\"114\" data-full-url=\"https:\/\/vosshenrich.eu\/wp-content\/uploads\/2022\/01\/IMG_20220110_124507-scaled.jpg\" data-link=\"https:\/\/vosshenrich.eu\/%language%\/hello-world\/img_20220110_124507\/\" class=\"wp-image-114\" srcset=\"https:\/\/vosshenrich.eu\/wp-content\/uploads\/2022\/01\/IMG_20220110_124507-1024x768.jpg 1024w, https:\/\/vosshenrich.eu\/wp-content\/uploads\/2022\/01\/IMG_20220110_124507-300x225.jpg 300w, https:\/\/vosshenrich.eu\/wp-content\/uploads\/2022\/01\/IMG_20220110_124507-768x576.jpg 768w, https:\/\/vosshenrich.eu\/wp-content\/uploads\/2022\/01\/IMG_20220110_124507-1536x1152.jpg 1536w, https:\/\/vosshenrich.eu\/wp-content\/uploads\/2022\/01\/IMG_20220110_124507-2048x1536.jpg 2048w, https:\/\/vosshenrich.eu\/wp-content\/uploads\/2022\/01\/IMG_20220110_124507-16x12.jpg 16w\" sizes=\"auto, (max-width: 1024px) 100vw, 1024px\" \/><\/figure><\/li><li class=\"blocks-gallery-item\"><figure><img loading=\"lazy\" decoding=\"async\" width=\"768\" height=\"1024\" src=\"https:\/\/vosshenrich.eu\/wp-content\/uploads\/2022\/01\/IMG_20220110_132336-768x1024.jpg\" alt=\"\" data-id=\"115\" data-full-url=\"https:\/\/vosshenrich.eu\/wp-content\/uploads\/2022\/01\/IMG_20220110_132336-scaled.jpg\" data-link=\"https:\/\/vosshenrich.eu\/%language%\/hello-world\/img_20220110_132336\/\" class=\"wp-image-115\" srcset=\"https:\/\/vosshenrich.eu\/wp-content\/uploads\/2022\/01\/IMG_20220110_132336-768x1024.jpg 768w, https:\/\/vosshenrich.eu\/wp-content\/uploads\/2022\/01\/IMG_20220110_132336-225x300.jpg 225w, https:\/\/vosshenrich.eu\/wp-content\/uploads\/2022\/01\/IMG_20220110_132336-1152x1536.jpg 1152w, https:\/\/vosshenrich.eu\/wp-content\/uploads\/2022\/01\/IMG_20220110_132336-1536x2048.jpg 1536w, https:\/\/vosshenrich.eu\/wp-content\/uploads\/2022\/01\/IMG_20220110_132336-9x12.jpg 9w, https:\/\/vosshenrich.eu\/wp-content\/uploads\/2022\/01\/IMG_20220110_132336-scaled.jpg 1920w\" sizes=\"auto, (max-width: 768px) 100vw, 768px\" \/><\/figure><\/li><li class=\"blocks-gallery-item\"><figure><img loading=\"lazy\" decoding=\"async\" width=\"1024\" height=\"768\" src=\"https:\/\/vosshenrich.eu\/wp-content\/uploads\/2022\/01\/IMG_20220111_141308-1024x768.jpg\" alt=\"\" data-id=\"118\" data-full-url=\"https:\/\/vosshenrich.eu\/wp-content\/uploads\/2022\/01\/IMG_20220111_141308-scaled.jpg\" data-link=\"https:\/\/vosshenrich.eu\/%language%\/hello-world\/img_20220111_141308\/\" class=\"wp-image-118\" srcset=\"https:\/\/vosshenrich.eu\/wp-content\/uploads\/2022\/01\/IMG_20220111_141308-1024x768.jpg 1024w, https:\/\/vosshenrich.eu\/wp-content\/uploads\/2022\/01\/IMG_20220111_141308-300x225.jpg 300w, https:\/\/vosshenrich.eu\/wp-content\/uploads\/2022\/01\/IMG_20220111_141308-768x576.jpg 768w, https:\/\/vosshenrich.eu\/wp-content\/uploads\/2022\/01\/IMG_20220111_141308-1536x1152.jpg 1536w, https:\/\/vosshenrich.eu\/wp-content\/uploads\/2022\/01\/IMG_20220111_141308-2048x1536.jpg 2048w, https:\/\/vosshenrich.eu\/wp-content\/uploads\/2022\/01\/IMG_20220111_141308-16x12.jpg 16w\" sizes=\"auto, (max-width: 1024px) 100vw, 1024px\" \/><\/figure><\/li><li class=\"blocks-gallery-item\"><figure><img loading=\"lazy\" decoding=\"async\" width=\"1024\" height=\"768\" src=\"https:\/\/vosshenrich.eu\/wp-content\/uploads\/2022\/01\/IMG_20220111_154649-1024x768.jpg\" alt=\"\" data-id=\"119\" data-full-url=\"https:\/\/vosshenrich.eu\/wp-content\/uploads\/2022\/01\/IMG_20220111_154649-scaled.jpg\" data-link=\"https:\/\/vosshenrich.eu\/%language%\/hello-world\/img_20220111_154649\/\" class=\"wp-image-119\" srcset=\"https:\/\/vosshenrich.eu\/wp-content\/uploads\/2022\/01\/IMG_20220111_154649-1024x768.jpg 1024w, https:\/\/vosshenrich.eu\/wp-content\/uploads\/2022\/01\/IMG_20220111_154649-300x225.jpg 300w, https:\/\/vosshenrich.eu\/wp-content\/uploads\/2022\/01\/IMG_20220111_154649-768x576.jpg 768w, https:\/\/vosshenrich.eu\/wp-content\/uploads\/2022\/01\/IMG_20220111_154649-1536x1152.jpg 1536w, https:\/\/vosshenrich.eu\/wp-content\/uploads\/2022\/01\/IMG_20220111_154649-2048x1536.jpg 2048w, https:\/\/vosshenrich.eu\/wp-content\/uploads\/2022\/01\/IMG_20220111_154649-16x12.jpg 16w\" sizes=\"auto, (max-width: 1024px) 100vw, 1024px\" \/><\/figure><\/li><li class=\"blocks-gallery-item\"><figure><img loading=\"lazy\" decoding=\"async\" width=\"1024\" height=\"768\" src=\"https:\/\/vosshenrich.eu\/wp-content\/uploads\/2022\/01\/IMG_20220111_164111-1024x768.jpg\" alt=\"\" data-id=\"120\" data-full-url=\"https:\/\/vosshenrich.eu\/wp-content\/uploads\/2022\/01\/IMG_20220111_164111-scaled.jpg\" data-link=\"https:\/\/vosshenrich.eu\/%language%\/hello-world\/img_20220111_164111\/\" class=\"wp-image-120\" srcset=\"https:\/\/vosshenrich.eu\/wp-content\/uploads\/2022\/01\/IMG_20220111_164111-1024x768.jpg 1024w, https:\/\/vosshenrich.eu\/wp-content\/uploads\/2022\/01\/IMG_20220111_164111-300x225.jpg 300w, https:\/\/vosshenrich.eu\/wp-content\/uploads\/2022\/01\/IMG_20220111_164111-768x576.jpg 768w, https:\/\/vosshenrich.eu\/wp-content\/uploads\/2022\/01\/IMG_20220111_164111-1536x1152.jpg 1536w, https:\/\/vosshenrich.eu\/wp-content\/uploads\/2022\/01\/IMG_20220111_164111-2048x1536.jpg 2048w, https:\/\/vosshenrich.eu\/wp-content\/uploads\/2022\/01\/IMG_20220111_164111-16x12.jpg 16w\" sizes=\"auto, (max-width: 1024px) 100vw, 1024px\" \/><\/figure><\/li><\/ul><\/figure>\n\n\n\n<p>Letzte Woche Donnerstag habe ich mit einer kleinen Gruppe einen Tagesausflug nach Howth gemacht. Hwoth ist eine kleine Halbinsel in der N\u00e4he von Dublin. Es gibt einen sch\u00f6nen kleinen Wanderweg der einmal um die Insel f\u00fchrt, welcher ungef\u00e4hr 3 Stunden in Anspruch nimmt. Im Anschluss haben wir noch uns noch eine Portion Fish n' Chips genehmigt.<\/p>\n\n\n\n<figure class=\"wp-block-gallery columns-3 is-cropped wp-block-gallery-3 is-layout-flex wp-block-gallery-is-layout-flex\"><ul class=\"blocks-gallery-grid\"><li class=\"blocks-gallery-item\"><figure><img loading=\"lazy\" decoding=\"async\" width=\"768\" height=\"1024\" src=\"https:\/\/vosshenrich.eu\/wp-content\/uploads\/2022\/01\/IMG_20220113_131943-768x1024.jpg\" alt=\"\" data-id=\"121\" data-full-url=\"https:\/\/vosshenrich.eu\/wp-content\/uploads\/2022\/01\/IMG_20220113_131943-scaled.jpg\" data-link=\"https:\/\/vosshenrich.eu\/%language%\/hello-world\/img_20220113_131943\/\" class=\"wp-image-121\" srcset=\"https:\/\/vosshenrich.eu\/wp-content\/uploads\/2022\/01\/IMG_20220113_131943-768x1024.jpg 768w, https:\/\/vosshenrich.eu\/wp-content\/uploads\/2022\/01\/IMG_20220113_131943-225x300.jpg 225w, https:\/\/vosshenrich.eu\/wp-content\/uploads\/2022\/01\/IMG_20220113_131943-1152x1536.jpg 1152w, https:\/\/vosshenrich.eu\/wp-content\/uploads\/2022\/01\/IMG_20220113_131943-1536x2048.jpg 1536w, https:\/\/vosshenrich.eu\/wp-content\/uploads\/2022\/01\/IMG_20220113_131943-9x12.jpg 9w, https:\/\/vosshenrich.eu\/wp-content\/uploads\/2022\/01\/IMG_20220113_131943-scaled.jpg 1920w\" sizes=\"auto, (max-width: 768px) 100vw, 768px\" \/><\/figure><\/li><li class=\"blocks-gallery-item\"><figure><img loading=\"lazy\" decoding=\"async\" width=\"768\" height=\"1024\" src=\"https:\/\/vosshenrich.eu\/wp-content\/uploads\/2022\/01\/IMG_20220113_133213-768x1024.jpg\" alt=\"\" data-id=\"122\" data-full-url=\"https:\/\/vosshenrich.eu\/wp-content\/uploads\/2022\/01\/IMG_20220113_133213-scaled.jpg\" data-link=\"https:\/\/vosshenrich.eu\/%language%\/hello-world\/img_20220113_133213\/\" class=\"wp-image-122\" srcset=\"https:\/\/vosshenrich.eu\/wp-content\/uploads\/2022\/01\/IMG_20220113_133213-768x1024.jpg 768w, https:\/\/vosshenrich.eu\/wp-content\/uploads\/2022\/01\/IMG_20220113_133213-225x300.jpg 225w, https:\/\/vosshenrich.eu\/wp-content\/uploads\/2022\/01\/IMG_20220113_133213-1152x1536.jpg 1152w, https:\/\/vosshenrich.eu\/wp-content\/uploads\/2022\/01\/IMG_20220113_133213-1536x2048.jpg 1536w, https:\/\/vosshenrich.eu\/wp-content\/uploads\/2022\/01\/IMG_20220113_133213-9x12.jpg 9w, https:\/\/vosshenrich.eu\/wp-content\/uploads\/2022\/01\/IMG_20220113_133213-scaled.jpg 1920w\" sizes=\"auto, (max-width: 768px) 100vw, 768px\" \/><\/figure><\/li><li class=\"blocks-gallery-item\"><figure><img loading=\"lazy\" decoding=\"async\" width=\"768\" height=\"1024\" src=\"https:\/\/vosshenrich.eu\/wp-content\/uploads\/2022\/01\/IMG_20220113_134421-768x1024.jpg\" alt=\"\" data-id=\"123\" data-full-url=\"https:\/\/vosshenrich.eu\/wp-content\/uploads\/2022\/01\/IMG_20220113_134421-scaled.jpg\" data-link=\"https:\/\/vosshenrich.eu\/%language%\/hello-world\/img_20220113_134421\/\" class=\"wp-image-123\" srcset=\"https:\/\/vosshenrich.eu\/wp-content\/uploads\/2022\/01\/IMG_20220113_134421-768x1024.jpg 768w, https:\/\/vosshenrich.eu\/wp-content\/uploads\/2022\/01\/IMG_20220113_134421-225x300.jpg 225w, https:\/\/vosshenrich.eu\/wp-content\/uploads\/2022\/01\/IMG_20220113_134421-1152x1536.jpg 1152w, https:\/\/vosshenrich.eu\/wp-content\/uploads\/2022\/01\/IMG_20220113_134421-1536x2048.jpg 1536w, https:\/\/vosshenrich.eu\/wp-content\/uploads\/2022\/01\/IMG_20220113_134421-9x12.jpg 9w, https:\/\/vosshenrich.eu\/wp-content\/uploads\/2022\/01\/IMG_20220113_134421-scaled.jpg 1920w\" sizes=\"auto, (max-width: 768px) 100vw, 768px\" \/><\/figure><\/li><li class=\"blocks-gallery-item\"><figure><img loading=\"lazy\" decoding=\"async\" width=\"1024\" height=\"768\" src=\"https:\/\/vosshenrich.eu\/wp-content\/uploads\/2022\/01\/IMG_20220113_140207-1024x768.jpg\" alt=\"\" data-id=\"125\" data-full-url=\"https:\/\/vosshenrich.eu\/wp-content\/uploads\/2022\/01\/IMG_20220113_140207-scaled.jpg\" data-link=\"https:\/\/vosshenrich.eu\/%language%\/hello-world\/img_20220113_140207\/\" class=\"wp-image-125\" srcset=\"https:\/\/vosshenrich.eu\/wp-content\/uploads\/2022\/01\/IMG_20220113_140207-1024x768.jpg 1024w, https:\/\/vosshenrich.eu\/wp-content\/uploads\/2022\/01\/IMG_20220113_140207-300x225.jpg 300w, https:\/\/vosshenrich.eu\/wp-content\/uploads\/2022\/01\/IMG_20220113_140207-768x576.jpg 768w, https:\/\/vosshenrich.eu\/wp-content\/uploads\/2022\/01\/IMG_20220113_140207-1536x1152.jpg 1536w, https:\/\/vosshenrich.eu\/wp-content\/uploads\/2022\/01\/IMG_20220113_140207-2048x1536.jpg 2048w, https:\/\/vosshenrich.eu\/wp-content\/uploads\/2022\/01\/IMG_20220113_140207-16x12.jpg 16w\" sizes=\"auto, (max-width: 1024px) 100vw, 1024px\" \/><\/figure><\/li><li class=\"blocks-gallery-item\"><figure><img loading=\"lazy\" decoding=\"async\" width=\"768\" height=\"1024\" src=\"https:\/\/vosshenrich.eu\/wp-content\/uploads\/2022\/01\/IMG_20220113_144622-768x1024.jpg\" alt=\"\" data-id=\"128\" data-full-url=\"https:\/\/vosshenrich.eu\/wp-content\/uploads\/2022\/01\/IMG_20220113_144622-scaled.jpg\" data-link=\"https:\/\/vosshenrich.eu\/%language%\/hello-world\/img_20220113_144622\/\" class=\"wp-image-128\" srcset=\"https:\/\/vosshenrich.eu\/wp-content\/uploads\/2022\/01\/IMG_20220113_144622-768x1024.jpg 768w, https:\/\/vosshenrich.eu\/wp-content\/uploads\/2022\/01\/IMG_20220113_144622-225x300.jpg 225w, https:\/\/vosshenrich.eu\/wp-content\/uploads\/2022\/01\/IMG_20220113_144622-1152x1536.jpg 1152w, https:\/\/vosshenrich.eu\/wp-content\/uploads\/2022\/01\/IMG_20220113_144622-1536x2048.jpg 1536w, https:\/\/vosshenrich.eu\/wp-content\/uploads\/2022\/01\/IMG_20220113_144622-9x12.jpg 9w, https:\/\/vosshenrich.eu\/wp-content\/uploads\/2022\/01\/IMG_20220113_144622-scaled.jpg 1920w\" sizes=\"auto, (max-width: 768px) 100vw, 768px\" \/><\/figure><\/li><li class=\"blocks-gallery-item\"><figure><img loading=\"lazy\" decoding=\"async\" width=\"1024\" height=\"768\" src=\"https:\/\/vosshenrich.eu\/wp-content\/uploads\/2022\/01\/IMG_20220113_163823-1024x768.jpg\" alt=\"\" data-id=\"131\" data-full-url=\"https:\/\/vosshenrich.eu\/wp-content\/uploads\/2022\/01\/IMG_20220113_163823-scaled.jpg\" data-link=\"https:\/\/vosshenrich.eu\/%language%\/hello-world\/img_20220113_163823\/\" class=\"wp-image-131\" srcset=\"https:\/\/vosshenrich.eu\/wp-content\/uploads\/2022\/01\/IMG_20220113_163823-1024x768.jpg 1024w, https:\/\/vosshenrich.eu\/wp-content\/uploads\/2022\/01\/IMG_20220113_163823-300x225.jpg 300w, https:\/\/vosshenrich.eu\/wp-content\/uploads\/2022\/01\/IMG_20220113_163823-768x576.jpg 768w, https:\/\/vosshenrich.eu\/wp-content\/uploads\/2022\/01\/IMG_20220113_163823-1536x1152.jpg 1536w, https:\/\/vosshenrich.eu\/wp-content\/uploads\/2022\/01\/IMG_20220113_163823-2048x1536.jpg 2048w, https:\/\/vosshenrich.eu\/wp-content\/uploads\/2022\/01\/IMG_20220113_163823-16x12.jpg 16w\" sizes=\"auto, (max-width: 1024px) 100vw, 1024px\" \/><\/figure><\/li><\/ul><\/figure>\n\n\n\n<p>Letzten Samstag habe ich dann noch einen weiteren Tagesausflug mit einer anderen Gruppe unternommen. Dieses Mal sind wir nach Bray gefahren und von dort Richtung Greystone gewandert.  Es gibt einen Weg entlang der K\u00fcste, sowie einen Weg \u00fcber einen kleinen H\u00fcgel, von welchem man eine tolle Aussicht genie\u00dfen kann. Dementsprechend w\u00fcrde ich den Weg \u00fcber den H\u00fcgel empfehlen. Abends habe ich dann noch ein paar Runden Billiard und Karten mit Freunden gespielt und parallel das 49er- Spiel geschaut!<\/p>\n\n\n\n<figure class=\"wp-block-gallery columns-3 is-cropped wp-block-gallery-4 is-layout-flex wp-block-gallery-is-layout-flex\"><ul class=\"blocks-gallery-grid\"><li class=\"blocks-gallery-item\"><figure><img loading=\"lazy\" decoding=\"async\" width=\"1024\" height=\"768\" src=\"https:\/\/vosshenrich.eu\/wp-content\/uploads\/2022\/01\/IMG_20220116_123200-1024x768.jpg\" alt=\"\" data-id=\"124\" data-full-url=\"https:\/\/vosshenrich.eu\/wp-content\/uploads\/2022\/01\/IMG_20220116_123200-scaled.jpg\" data-link=\"https:\/\/vosshenrich.eu\/%language%\/hello-world\/img_20220116_123200\/\" class=\"wp-image-124\" srcset=\"https:\/\/vosshenrich.eu\/wp-content\/uploads\/2022\/01\/IMG_20220116_123200-1024x768.jpg 1024w, https:\/\/vosshenrich.eu\/wp-content\/uploads\/2022\/01\/IMG_20220116_123200-300x225.jpg 300w, https:\/\/vosshenrich.eu\/wp-content\/uploads\/2022\/01\/IMG_20220116_123200-768x576.jpg 768w, https:\/\/vosshenrich.eu\/wp-content\/uploads\/2022\/01\/IMG_20220116_123200-1536x1152.jpg 1536w, https:\/\/vosshenrich.eu\/wp-content\/uploads\/2022\/01\/IMG_20220116_123200-2048x1536.jpg 2048w, https:\/\/vosshenrich.eu\/wp-content\/uploads\/2022\/01\/IMG_20220116_123200-16x12.jpg 16w\" sizes=\"auto, (max-width: 1024px) 100vw, 1024px\" \/><\/figure><\/li><li class=\"blocks-gallery-item\"><figure><img loading=\"lazy\" decoding=\"async\" width=\"1024\" height=\"768\" src=\"https:\/\/vosshenrich.eu\/wp-content\/uploads\/2022\/01\/IMG_20220116_125859-1024x768.jpg\" alt=\"\" data-id=\"126\" data-full-url=\"https:\/\/vosshenrich.eu\/wp-content\/uploads\/2022\/01\/IMG_20220116_125859-scaled.jpg\" data-link=\"https:\/\/vosshenrich.eu\/%language%\/hello-world\/img_20220116_125859\/\" class=\"wp-image-126\" srcset=\"https:\/\/vosshenrich.eu\/wp-content\/uploads\/2022\/01\/IMG_20220116_125859-1024x768.jpg 1024w, https:\/\/vosshenrich.eu\/wp-content\/uploads\/2022\/01\/IMG_20220116_125859-300x225.jpg 300w, https:\/\/vosshenrich.eu\/wp-content\/uploads\/2022\/01\/IMG_20220116_125859-768x576.jpg 768w, https:\/\/vosshenrich.eu\/wp-content\/uploads\/2022\/01\/IMG_20220116_125859-1536x1152.jpg 1536w, https:\/\/vosshenrich.eu\/wp-content\/uploads\/2022\/01\/IMG_20220116_125859-2048x1536.jpg 2048w, https:\/\/vosshenrich.eu\/wp-content\/uploads\/2022\/01\/IMG_20220116_125859-16x12.jpg 16w\" sizes=\"auto, (max-width: 1024px) 100vw, 1024px\" \/><\/figure><\/li><li class=\"blocks-gallery-item\"><figure><img loading=\"lazy\" decoding=\"async\" width=\"768\" height=\"1024\" src=\"https:\/\/vosshenrich.eu\/wp-content\/uploads\/2022\/01\/IMG_20220116_134650-768x1024.jpg\" alt=\"\" data-id=\"129\" data-full-url=\"https:\/\/vosshenrich.eu\/wp-content\/uploads\/2022\/01\/IMG_20220116_134650-scaled.jpg\" data-link=\"https:\/\/vosshenrich.eu\/%language%\/hello-world\/img_20220116_134650\/\" class=\"wp-image-129\" srcset=\"https:\/\/vosshenrich.eu\/wp-content\/uploads\/2022\/01\/IMG_20220116_134650-768x1024.jpg 768w, https:\/\/vosshenrich.eu\/wp-content\/uploads\/2022\/01\/IMG_20220116_134650-225x300.jpg 225w, https:\/\/vosshenrich.eu\/wp-content\/uploads\/2022\/01\/IMG_20220116_134650-1152x1536.jpg 1152w, https:\/\/vosshenrich.eu\/wp-content\/uploads\/2022\/01\/IMG_20220116_134650-1536x2048.jpg 1536w, https:\/\/vosshenrich.eu\/wp-content\/uploads\/2022\/01\/IMG_20220116_134650-9x12.jpg 9w, https:\/\/vosshenrich.eu\/wp-content\/uploads\/2022\/01\/IMG_20220116_134650-scaled.jpg 1920w\" sizes=\"auto, (max-width: 768px) 100vw, 768px\" \/><\/figure><\/li><\/ul><\/figure>\n\n\n\n<p>Seit dieser Woche kann man am Trintiy College seine Kurse w\u00e4hlen und ab n\u00e4chsten Montag geht dann die Uni los! Der aktuelle Stand ist, dass wieder alles in Pr\u00e4senz stattfinden wird. Au\u00dferdem hat die Regierung s\u00e4mtliche Covid-Einschr\u00e4nkungen aufgehoben, sodass ich mich nun auf volle H\u00f6rs\u00e4le sowie volle Pubs freuen kann!<\/p>\n\n\n\n<p><\/p>","protected":false},"excerpt":{"rendered":"<p>This is my first blog post on my website. I have been living in Dublin since 07 January and have settled in<\/p>\n<p class=\"link-more\"><a class=\"myButt\" href=\"https:\/\/vosshenrich.eu\/de\/dublin\/\">Read More<\/a><\/p>","protected":false},"author":1,"featured_media":0,"parent":0,"menu_order":0,"comment_status":"closed","ping_status":"closed","template":"templeat-full-width.php","meta":{"ub_ctt_via":"","footnotes":""},"class_list":["post-162","page","type-page","status-publish","hentry"],"featured_image_src":null,"_links":{"self":[{"href":"https:\/\/vosshenrich.eu\/de\/wp-json\/wp\/v2\/pages\/162","targetHints":{"allow":["GET"]}}],"collection":[{"href":"https:\/\/vosshenrich.eu\/de\/wp-json\/wp\/v2\/pages"}],"about":[{"href":"https:\/\/vosshenrich.eu\/de\/wp-json\/wp\/v2\/types\/page"}],"author":[{"embeddable":true,"href":"https:\/\/vosshenrich.eu\/de\/wp-json\/wp\/v2\/users\/1"}],"replies":[{"embeddable":true,"href":"https:\/\/vosshenrich.eu\/de\/wp-json\/wp\/v2\/comments?post=162"}],"version-history":[{"count":0,"href":"https:\/\/vosshenrich.eu\/de\/wp-json\/wp\/v2\/pages\/162\/revisions"}],"wp:attachment":[{"href":"https:\/\/vosshenrich.eu\/de\/wp-json\/wp\/v2\/media?parent=162"}],"curies":[{"name":"wp","href":"https:\/\/api.w.org\/{rel}","templated":true}]}}