{"id":6,"date":"2021-06-23T09:17:18","date_gmt":"2021-06-23T09:17:18","guid":{"rendered":"https:\/\/vosshenrich.eu\/?page_id=6"},"modified":"2021-07-15T18:51:37","modified_gmt":"2021-07-15T18:51:37","slug":"about","status":"publish","type":"page","link":"https:\/\/vosshenrich.eu\/de\/about\/","title":{"rendered":"About"},"content":{"rendered":"<p>Hallo, <br>mein Name ist Tristan Vo\u00dfhenrich und dies ist meine Website! Der Hauptzweck dieser Website ist es, meine Erfahrungen und Fotos von meinen Reisen zu teilen, ohne andere zu zwingen, sie in ihrem Newsfeed auf Social Media zu sehen. Ich werde damit beginnen, mich vorzustellen und ein wenig \u00fcber meine bisherigen Erfahrungen zu sprechen, da ich wahrscheinlich keine Blogbeitr\u00e4ge \u00fcber meine vergangenen Abenteuer schreiben werde.<\/p>\n\n\n\n<p>\u00dcber mich:<\/p>\n\n\n\n<p>Ich bin ein aufgeschlossener deutscher Staatsb\u00fcrger, der die Welt in kleinen Schritten verbessern m\u00f6chte, wo immer es m\u00f6glich ist. Derzeit bin ich am Karlsruher Institut f\u00fcr Technologie als Student der Elektro- und Informationstechnik eingeschrieben. Ich glaube fest an die Macht der Technologie und die F\u00e4higkeiten der Menschen, diese zu nutzen, um das Leben in allen Facetten und f\u00fcr jeden zu verbessern. <\/p>\n\n\n\n<p>Nachdem ich mein Abitur gemacht hatte, verbrachte ich ein halbes Jahr in Neuseeland. Die Zeit im Ausland war sehr einflussreich und hat meine Freude an der Erkundung der Welt geweckt. Ich genie\u00dfe es, neue Menschen zu treffen, neue Sprachen zu lernen und neue Kulturen zu erkunden. Nat\u00fcrlich war Neuseeland kulturell gesehen nur in bestimmten Bereichen anders als Europa, deshalb entschied ich mich, 2 Monate in Chile und Argentinien zu verbringen, w\u00e4hrend ich auf den Beginn meines Austauschsemesters in Singapur wartete. Chile war nicht unbedingt ein Kulturschock f\u00fcr mich, aber es war eine Herausforderung, meinen Platz dort zu finden. Besonders die Demonstrationen und meine schlechten Spanischkenntnisse machten die ersten Tage sehr schwierig. Ich genie\u00dfe es, aus meiner Komfortzone herauszukommen und mich neuen Herausforderungen zu stellen! Nach meinem Aufenthalt in Argentinien habe ich ein Semester in Singapur an der National University of Singapore gelebt und studiert. Das war mein bisheriges Lieblingssemester, da das Wetter jeden Tag gut war und ich dort viel Freiheit hatte. Mein Arbeitspensum war auch nicht zu hoch, da ich nur wenige Kurse belegte, wodurch ich mehr freie Zeit hatte, um die umliegenden L\u00e4nder zu erkunden und mit Menschen in Kontakt zu kommen! <\/p>\n\n\n\n<p>In meinem Studium studiere ich im Hauptfach Elektrotechnik mit den Schwerpunkten K\u00fcnstliche Intelligenz und Regelungstechnik, als Nebenfach belege ich Kurse in Richtung Quantencomputing und Quanteninformationstechnik. Seit meinem dritten Semester arbeite ich als wissenschaftliche Hilfskraft an der Universit\u00e4t. W\u00e4hrend meines ersten Praktikums habe ich bei Porsche in der Abteilung f\u00fcr hochautomatisiertes und autonomes Fahren gearbeitet. Derzeit arbeite ich an einem Projekt zum Belle II Experiment in Japan und freue mich auf mein zweites Praktikum bei Bosch in der Abteilung f\u00fcr Quantentechnologie!<\/p>\n\n\n\n<p>Abgesehen von meinem Studium, bin ich ein Sport-Enthusiast, Fu\u00dfball und Basketball spielen seit einem jungen Alter. Ich schaue auch gerne Fu\u00dfball, Basketball und American Football, also verbringe ich jede Woche eine ganze Menge Bildschirmzeit mit Sport! <\/p>\n\n\n\n<p><\/p>","protected":false},"excerpt":{"rendered":"<p>Hello, my name is Tristan Vo\u00dfhenrich and this is my website! The main purpose of this website is to share my experiences<\/p>\n<p class=\"link-more\"><a class=\"myButt\" href=\"https:\/\/vosshenrich.eu\/de\/about\/\">Read More<\/a><\/p>","protected":false},"author":1,"featured_media":0,"parent":0,"menu_order":0,"comment_status":"closed","ping_status":"closed","template":"","meta":{"ub_ctt_via":"","footnotes":""},"class_list":["post-6","page","type-page","status-publish","hentry"],"featured_image_src":null,"_links":{"self":[{"href":"https:\/\/vosshenrich.eu\/de\/wp-json\/wp\/v2\/pages\/6","targetHints":{"allow":["GET"]}}],"collection":[{"href":"https:\/\/vosshenrich.eu\/de\/wp-json\/wp\/v2\/pages"}],"about":[{"href":"https:\/\/vosshenrich.eu\/de\/wp-json\/wp\/v2\/types\/page"}],"author":[{"embeddable":true,"href":"https:\/\/vosshenrich.eu\/de\/wp-json\/wp\/v2\/users\/1"}],"replies":[{"embeddable":true,"href":"https:\/\/vosshenrich.eu\/de\/wp-json\/wp\/v2\/comments?post=6"}],"version-history":[{"count":0,"href":"https:\/\/vosshenrich.eu\/de\/wp-json\/wp\/v2\/pages\/6\/revisions"}],"wp:attachment":[{"href":"https:\/\/vosshenrich.eu\/de\/wp-json\/wp\/v2\/media?parent=6"}],"curies":[{"name":"wp","href":"https:\/\/api.w.org\/{rel}","templated":true}]}}